{"id":801,"date":"2020-06-10T13:32:41","date_gmt":"2020-06-10T13:32:41","guid":{"rendered":"https:\/\/breton.qodeinteractive.com\/?page_id=801"},"modified":"2026-04-14T12:56:25","modified_gmt":"2026-04-14T12:56:25","slug":"about-us","status":"publish","type":"page","link":"https:\/\/korelacje.online\/","title":{"rendered":"About Us"},"content":{"rendered":"\t\t<div data-elementor-type=\"wp-page\" data-elementor-id=\"801\" class=\"elementor elementor-801\">\n\t\t\t\t\t\t<section class=\"elementor-section elementor-top-section elementor-element elementor-element-ac5f121 elementor-section-full_width qodef-elementor-content-grid elementor-section-height-default elementor-section-height-default\" data-id=\"ac5f121\" data-element_type=\"section\" data-e-type=\"section\">\n\t\t\t\t\t\t<div class=\"elementor-container elementor-column-gap-no\">\n\t\t\t\t\t<div class=\"elementor-column elementor-col-50 elementor-top-column elementor-element elementor-element-a5584b6\" data-id=\"a5584b6\" data-element_type=\"column\" data-e-type=\"column\" data-settings=\"{&quot;background_background&quot;:&quot;slideshow&quot;,&quot;background_slideshow_gallery&quot;:[],&quot;background_slideshow_loop&quot;:&quot;yes&quot;,&quot;background_slideshow_slide_duration&quot;:5000,&quot;background_slideshow_slide_transition&quot;:&quot;fade&quot;,&quot;background_slideshow_transition_duration&quot;:500}\">\n\t\t\t<div class=\"elementor-widget-wrap elementor-element-populated\">\n\t\t\t\t\t\t<div class=\"elementor-element elementor-element-1d6bac7 elementor-widget__width-initial elementor-widget elementor-widget-breton_core_section_title\" data-id=\"1d6bac7\" data-element_type=\"widget\" data-e-type=\"widget\" data-widget_type=\"breton_core_section_title.default\">\n\t\t\t\t<div class=\"elementor-widget-container\">\n\t\t\t\t\t<div class=\"qodef-shortcode qodef-m  qodef-section-title qodef-alignment--left   qodef-title-break--disabled qodef--has-appear\">\n    \t<p class=\"qodef-m-subtitle\" >\n\t\t<span>Welcome to our world<\/span>\n\t<\/p>\n\t\t<h3 class=\"qodef-m-title\" >\n\t\t\t\t\tStowarzyszenie<br \/> Artystyczne \"KORELACJE\"<br \/> Zapraszamy<br \/> <span class=\"qodef-m-italic\"><span class=\"qodef-m-regular-style\">do<\/span><span class=\"qodef-m-italic-style\">do<\/span><\/span> zapoznania si\u0119 z nasz\u0105 dzia\u0142alno\u015bci\u0105\t\t\t<\/h3>\n\t\t<\/div>\t\t\t\t<\/div>\n\t\t\t\t<\/div>\n\t\t\t\t<div class=\"elementor-element elementor-element-3c14cb4 elementor-widget__width-initial elementor-invisible elementor-widget elementor-widget-breton_core_button\" data-id=\"3c14cb4\" data-element_type=\"widget\" data-e-type=\"widget\" data-settings=\"{&quot;_animation&quot;:&quot;bounceIn&quot;}\" data-widget_type=\"breton_core_button.default\">\n\t\t\t\t<div class=\"elementor-widget-container\">\n\t\t\t\t\t<a class=\"qodef-shortcode qodef-m  qodef-button qodef-layout--arrow qodef-size--small qodef-html--link \" href=\"https:\/\/creativehomeshare.eu\/\" target=\"_blank\" data-hover-background-color=\"#09922800\" style=\"color: #F32F2F;background-color: #00D53700;border-color: #0E0909;font-size: 18px;font-weight: 400;text-transform: lowercase;margin: 65;padding: 122\">\n    <svg version=\"1.1\" xmlns=\"http:\/\/www.w3.org\/2000\/svg\" xmlns:xlink=\"http:\/\/www.w3.org\/1999\/xlink\" x=\"0px\" y=\"0px\" viewBox=\"0 0 67.59 46.46\" style=\"enable-background:new 0 0 67.59 46.46;\" xml:space=\"preserve\"><polygon class=\"btn_arrow\" points=\"0.5,19.41 50.58,19.41 31.67,0.5 44.26,0.5 66.89,23.13 44.06,45.96 31.83,45.96 50.39,27.4 0.5,27.4 \"\/><\/svg>\n<\/a>\t\t\t\t<\/div>\n\t\t\t\t<\/div>\n\t\t\t\t<div class=\"elementor-element elementor-element-4c93961 elementor-widget__width-initial elementor-widget elementor-widget-html\" data-id=\"4c93961\" data-element_type=\"widget\" data-e-type=\"widget\" data-widget_type=\"html.default\">\n\t\t\t\t<div class=\"elementor-widget-container\">\n\t\t\t\t\t<form action=\"https:\/\/www.paypal.com\/donate\" method=\"post\" target=\"_top\">\r\n<input type=\"hidden\" name=\"hosted_button_id\" value=\"83DHJZM3ZCTNJ\" \/>\r\n<input type=\"image\" src=\"https:\/\/pics.paypal.com\/00\/s\/NTAxYTQ0ZTMtZGUwNy00NmZjLTkxNDAtYzNhZDhmN2Q5NWUz\/file.PNG\" border=\"0\" name=\"submit\" title=\"PayPal - The safer, easier way to pay online!\" alt=\"Donate with PayPal button\" \/>\r\n<img decoding=\"async\" alt=\"\" border=\"0\" src=\"https:\/\/www.paypal.com\/en_PL\/i\/scr\/pixel.gif\" width=\"1\" height=\"1\" \/>\r\n<\/form>\t\t\t\t<\/div>\n\t\t\t\t<\/div>\n\t\t\t\t<div class=\"elementor-element elementor-element-f10fc23 elementor-widget elementor-widget-heading\" data-id=\"f10fc23\" data-element_type=\"widget\" data-e-type=\"widget\" data-widget_type=\"heading.default\">\n\t\t\t\t<div class=\"elementor-widget-container\">\n\t\t\t\t\t<h3 class=\"elementor-heading-title elementor-size-default\"><a href=\"https:\/\/www.creativehomeshare.com\/\">our community <br>\ncreativehomeshare.online<\/a><\/h3>\t\t\t\t<\/div>\n\t\t\t\t<\/div>\n\t\t\t\t\t<\/div>\n\t\t<\/div>\n\t\t\t\t<div class=\"elementor-column elementor-col-50 elementor-top-column elementor-element elementor-element-bb8ca2d\" data-id=\"bb8ca2d\" data-element_type=\"column\" data-e-type=\"column\" data-settings=\"{&quot;background_background&quot;:&quot;slideshow&quot;,&quot;background_slideshow_ken_burns&quot;:&quot;yes&quot;,&quot;background_slideshow_gallery&quot;:[],&quot;background_slideshow_loop&quot;:&quot;yes&quot;,&quot;background_slideshow_slide_duration&quot;:5000,&quot;background_slideshow_slide_transition&quot;:&quot;fade&quot;,&quot;background_slideshow_transition_duration&quot;:500,&quot;background_slideshow_ken_burns_zoom_direction&quot;:&quot;in&quot;}\">\n\t\t\t<div class=\"elementor-widget-wrap elementor-element-populated\">\n\t\t\t\t\t\t<div class=\"elementor-element elementor-element-9ce6b67 elementor-widget__width-inherit e-transform animated-fast elementor-invisible elementor-widget elementor-widget-image\" data-id=\"9ce6b67\" data-element_type=\"widget\" data-e-type=\"widget\" data-settings=\"{&quot;_animation&quot;:&quot;zoomIn&quot;,&quot;_transform_scale_effect&quot;:{&quot;unit&quot;:&quot;px&quot;,&quot;size&quot;:1.4,&quot;sizes&quot;:[]},&quot;_transform_scale_effect_tablet&quot;:{&quot;unit&quot;:&quot;px&quot;,&quot;size&quot;:&quot;&quot;,&quot;sizes&quot;:[]},&quot;_transform_scale_effect_mobile&quot;:{&quot;unit&quot;:&quot;px&quot;,&quot;size&quot;:&quot;&quot;,&quot;sizes&quot;:[]}}\" data-widget_type=\"image.default\">\n\t\t\t\t<div class=\"elementor-widget-container\">\n\t\t\t\t\t\t\t\t\t\t\t\t\t\t\t\t<a href=\"https:\/\/creativehomeshare.com\/\">\n\t\t\t\t\t\t\t<img fetchpriority=\"high\" decoding=\"async\" width=\"512\" height=\"512\" src=\"https:\/\/korelacje.online\/wp-content\/uploads\/2023\/09\/cropped-cropped-lodi-laster-e1617975897514-1.jpg\" class=\"attachment-qi_addons_for_elementor_image_size_landscape size-qi_addons_for_elementor_image_size_landscape wp-image-2741\" alt=\"\" srcset=\"https:\/\/korelacje.online\/wp-content\/uploads\/2023\/09\/cropped-cropped-lodi-laster-e1617975897514-1.jpg 512w, https:\/\/korelacje.online\/wp-content\/uploads\/2023\/09\/cropped-cropped-lodi-laster-e1617975897514-1-300x300.jpg 300w, https:\/\/korelacje.online\/wp-content\/uploads\/2023\/09\/cropped-cropped-lodi-laster-e1617975897514-1-150x150.jpg 150w\" sizes=\"(max-width: 512px) 100vw, 512px\" \/>\t\t\t\t\t\t\t\t<\/a>\n\t\t\t\t\t\t\t\t\t\t\t\t\t\t\t<\/div>\n\t\t\t\t<\/div>\n\t\t\t\t\t<\/div>\n\t\t<\/div>\n\t\t\t\t\t<\/div>\n\t\t<\/section>\n\t\t\t\t<section class=\"elementor-section elementor-top-section elementor-element elementor-element-e423fe4 elementor-section-full_width elementor-section-height-default elementor-section-height-default qodef-elementor-content-no\" data-id=\"e423fe4\" data-element_type=\"section\" data-e-type=\"section\">\n\t\t\t\t\t\t<div class=\"elementor-container elementor-column-gap-no\">\n\t\t\t\t\t<div class=\"elementor-column elementor-col-100 elementor-top-column elementor-element elementor-element-0d2e1b8\" data-id=\"0d2e1b8\" data-element_type=\"column\" data-e-type=\"column\">\n\t\t\t<div class=\"elementor-widget-wrap elementor-element-populated\">\n\t\t\t\t\t\t<div class=\"elementor-element elementor-element-c34cd25 elementor-hidden-mobile elementor-widget elementor-widget-breton_core_text_marquee\" data-id=\"c34cd25\" data-element_type=\"widget\" data-e-type=\"widget\" data-widget_type=\"breton_core_text_marquee.default\">\n\t\t\t\t<div class=\"elementor-widget-container\">\n\t\t\t\t\t<div class=\"qodef-shortcode qodef-m  qodef-text-marquee qodef-text-marquee-1 qodef-layout--default qodef--disabled-moving\">\n\t<div class=\"qodef-m-content\" style=\"font-size:329px;line-height:1em;-webkit-text-stroke: 1px currentColor;-webkit-text-fill-color: transparent\">\n\t\t<div class=\"qodef-m-text\">\n\t\t\t\t\t\t\t<span class=\"qodef-m-text-inner\" >\n\t\t\t\t\tABOUT US +\t\t\t\t<\/span>\n\t\t\t\t\t<\/div>\n\t<\/div>\n<\/div>\t\t\t\t<\/div>\n\t\t\t\t<\/div>\n\t\t\t\t\t<\/div>\n\t\t<\/div>\n\t\t\t\t\t<\/div>\n\t\t<\/section>\n\t\t\t\t<section class=\"elementor-section elementor-top-section elementor-element elementor-element-8012063 elementor-section-full_width qodef-elementor-content-grid elementor-section-height-default elementor-section-height-default\" data-id=\"8012063\" data-element_type=\"section\" data-e-type=\"section\">\n\t\t\t\t\t\t<div class=\"elementor-container elementor-column-gap-no\">\n\t\t\t\t\t<div class=\"elementor-column elementor-col-50 elementor-top-column elementor-element elementor-element-682237e\" data-id=\"682237e\" data-element_type=\"column\" data-e-type=\"column\">\n\t\t\t<div class=\"elementor-widget-wrap elementor-element-populated\">\n\t\t\t\t\t\t<section class=\"elementor-section elementor-inner-section elementor-element elementor-element-f4d82e8 elementor-section-full_width elementor-section-height-default elementor-section-height-default qodef-elementor-content-no\" data-id=\"f4d82e8\" data-element_type=\"section\" data-e-type=\"section\">\n\t\t\t\t\t\t<div class=\"elementor-container elementor-column-gap-no\">\n\t\t\t\t\t<div class=\"elementor-column elementor-col-50 elementor-inner-column elementor-element elementor-element-491c021\" data-id=\"491c021\" data-element_type=\"column\" data-e-type=\"column\">\n\t\t\t<div class=\"elementor-widget-wrap elementor-element-populated\">\n\t\t\t\t\t\t<div class=\"elementor-element elementor-element-640accc elementor-widget elementor-widget-qi_addons_for_elementor_animated_text\" data-id=\"640accc\" data-element_type=\"widget\" data-e-type=\"widget\" data-widget_type=\"qi_addons_for_elementor_animated_text.default\">\n\t\t\t\t<div class=\"elementor-widget-container\">\n\t\t\t\t\t<div class=\"qodef-shortcode qodef-m qodef-qi-animated-text qodef--animated-by-letter qodef-qi--has-appear qodef--appear-from-right\" >\n\t<\/div>\n\t\t\t\t<\/div>\n\t\t\t\t<\/div>\n\t\t\t\t\t<\/div>\n\t\t<\/div>\n\t\t\t\t<div class=\"elementor-column elementor-col-50 elementor-inner-column elementor-element elementor-element-cc6012e\" data-id=\"cc6012e\" data-element_type=\"column\" data-e-type=\"column\">\n\t\t\t<div class=\"elementor-widget-wrap elementor-element-populated\">\n\t\t\t\t\t\t\t<\/div>\n\t\t<\/div>\n\t\t\t\t\t<\/div>\n\t\t<\/section>\n\t\t\t\t<div class=\"elementor-element elementor-element-3c7ce69 elementor-widget elementor-widget-breton_core_section_title\" data-id=\"3c7ce69\" data-element_type=\"widget\" data-e-type=\"widget\" data-widget_type=\"breton_core_section_title.default\">\n\t\t\t\t<div class=\"elementor-widget-container\">\n\t\t\t\t\t<div class=\"qodef-shortcode qodef-m  qodef-section-title qodef-alignment--left    qodef--has-appear\">\n    \t<p class=\"qodef-m-subtitle\" style=\"color: #D50202\">\n\t\t<span>About us<\/span>\n\t<\/p>\n\t\t<h1 class=\"qodef-m-title\" >\n\t\t\t\t\tCo chcemy osi\u0105gn\u0105\u0107<br \/>\t\t\t<\/h1>\n\t\t<\/div>\t\t\t\t<\/div>\n\t\t\t\t<\/div>\n\t\t\t\t<div class=\"elementor-element elementor-element-c28bcfb elementor-widget elementor-widget-text-editor\" data-id=\"c28bcfb\" data-element_type=\"widget\" data-e-type=\"widget\" data-widget_type=\"text-editor.default\">\n\t\t\t\t<div class=\"elementor-widget-container\">\n\t\t\t\t\t\t\t\t\t<ul><li style=\"list-style-type: none;\"><ul><li>Aktywne popieranie idei symbiozy mi\u0119dzy sztuk\u0105 wizualn\u0105, teatraln\u0105, audiowizualn\u0105 oraz filmow\u0105.\u00a0 \u00a0 \u00a0 \u00a0 \u00a0 \u00a0 \u00a0 \u00a0 \u00a0 \u00a0 \u00a0 \u00a0 \u00a0 \u00a0 \u00a0 \u00a0 \u00a0 \u00a0 \u00a0 \u00a0 \u00a0 \u00a0<\/li><\/ul><\/li><\/ul><p>\u00a0<\/p><ul><li style=\"list-style-type: none;\"><ul><li>Upowszechnianie wiedzy o \u017cyciu i spu\u015bci\u017anie artystycznej Helmuta Kajzara, Jolanty Lothe (i jej rodziny), a tak\u017ce promocja tw\u00f3rczo\u015bci kreatywnych cz\u0142onk\u00f3w Stowarzyszenia.\u00a0 \u00a0 \u00a0 \u00a0 \u00a0 \u00a0 \u00a0 \u00a0 \u00a0<\/li><\/ul><\/li><\/ul><p><br \/><br \/><\/p><ul><li style=\"list-style-type: none;\"><ul><li>Tworzenie spo\u0142eczno\u015bci artystycznej, wspieranie wymian mi\u0119dzynarodowych, promowanie walor\u00f3w go\u015bcinno\u015bci i dialogu.\u00a0 \u00a0 \u00a0 \u00a0 \u00a0 \u00a0 \u00a0 \u00a0 \u00a0<\/li><\/ul><\/li><\/ul><p><br \/><br \/><\/p><ul><li style=\"list-style-type: none;\"><ul><li>Wspieranie integracji mi\u0119dzypokoleniowej.\u00a0 \u00a0 \u00a0 \u00a0<\/li><\/ul><\/li><\/ul><p><br \/><br \/><\/p><ul><li style=\"list-style-type: none;\"><ul><li>Dzia\u0142alno\u015b\u0107 na rzecz dobra publicznego w zakresie digitalizacji, archiwizacji, udost\u0119pniania, promocji d\u00f3br kultury i sztuki.<\/li><\/ul><\/li><\/ul><p><br \/><br \/><\/p><p><a href=\"https:\/\/korelacje.online\/?page_id=675\"><em><span style=\"text-decoration: underline;\"><strong>Przeczytaj wiecej w naszym statucie<\/strong><\/span><\/em><\/a><\/p>\t\t\t\t\t\t\t\t<\/div>\n\t\t\t\t<\/div>\n\t\t\t\t\t<\/div>\n\t\t<\/div>\n\t\t\t\t<div class=\"elementor-column elementor-col-50 elementor-top-column elementor-element elementor-element-3b6bbc2\" data-id=\"3b6bbc2\" data-element_type=\"column\" data-e-type=\"column\">\n\t\t\t<div class=\"elementor-widget-wrap elementor-element-populated\">\n\t\t\t\t\t\t<div class=\"elementor-element elementor-element-208a7ba elementor-widget elementor-widget-heading\" data-id=\"208a7ba\" data-element_type=\"widget\" data-e-type=\"widget\" data-widget_type=\"heading.default\">\n\t\t\t\t<div class=\"elementor-widget-container\">\n\t\t\t\t\t<h3 class=\"elementor-heading-title elementor-size-large\">OUR Story <\/h3>\t\t\t\t<\/div>\n\t\t\t\t<\/div>\n\t\t\t\t<div class=\"elementor-element elementor-element-66529e1 elementor-widget__width-initial elementor-widget elementor-widget-text-editor\" data-id=\"66529e1\" data-element_type=\"widget\" data-e-type=\"widget\" data-widget_type=\"text-editor.default\">\n\t\t\t\t<div class=\"elementor-widget-container\">\n\t\t\t\t\t\t\t\t\t<h4>Association named &#8222;POZA&#8221; was created in 2003 to support the creative work of LOTHE LACHMANN VIDEOTHEATER. From 1985 Jolanta Lothe and Piotr Lachmann presented many unforgettable and unique\u00a0avant-garde \u00a0 \u00a0performances\u00a0 <a href=\"https:\/\/lothe-lachmann-videoteatr.site\/\">https:\/\/lothe-lachmann-videoteatr.site\/<\/a> <a href=\"https:\/\/www.aict.art.pl\/2012\/11\/20\/videoteatr-poza-czyli-sia-kreacji\/\" target=\"_blank\" rel=\"noopener\">(link to theater history<\/a>). After covid period and the death of Jolanta Lothe (the association president) &#8222;the association changed name and its goals to &#8221; CORRELATIONS&#8221; (pl. KORELACJE).<\/h4>\t\t\t\t\t\t\t\t<\/div>\n\t\t\t\t<\/div>\n\t\t\t\t<div class=\"elementor-element elementor-element-87e6822 elementor-widget elementor-widget-qi_addons_for_elementor_animated_text\" data-id=\"87e6822\" data-element_type=\"widget\" data-e-type=\"widget\" data-widget_type=\"qi_addons_for_elementor_animated_text.default\">\n\t\t\t\t<div class=\"elementor-widget-container\">\n\t\t\t\t\t<div class=\"qodef-shortcode qodef-m qodef-qi-animated-text qodef--animated-by-word qodef-qi--has-appear qodef--appear-from-right\" >\n\t\t<h2 class=\"qodef-m-title\">\n\t\t<span class=\"qodef-e-word\">Archives<\/span> <span class=\"qodef-e-word\">pages<\/span> <span class=\"qodef-e-word\">internet<\/span> <span class=\"qodef-e-word\"><\/span> <span class=\"qodef-e-word\"><\/span> <span class=\"qodef-e-word\">|<\/span> <span class=\"qodef-e-word\">workshops<\/span> <span class=\"qodef-e-word\">|<\/span> <span class=\"qodef-e-word\">photographyc<\/span> <span class=\"qodef-e-word\">exhibitions<\/span> <span class=\"qodef-e-word\">|<\/span> <span class=\"qodef-e-word\">promot<\/span> <span class=\"qodef-e-word\">colaborations<\/span> <span class=\"qodef-e-word\">|<\/span>\t<\/h2>\n<\/div>\n\t\t\t\t<\/div>\n\t\t\t\t<\/div>\n\t\t\t\t\t<\/div>\n\t\t<\/div>\n\t\t\t\t\t<\/div>\n\t\t<\/section>\n\t\t\t\t<section class=\"elementor-section elementor-top-section elementor-element elementor-element-230c078 elementor-section-boxed elementor-section-height-default elementor-section-height-default qodef-elementor-content-no\" data-id=\"230c078\" data-element_type=\"section\" data-e-type=\"section\">\n\t\t\t\t\t\t<div class=\"elementor-container elementor-column-gap-no\">\n\t\t\t\t\t<div class=\"elementor-column elementor-col-100 elementor-top-column elementor-element elementor-element-6b02d1d\" data-id=\"6b02d1d\" data-element_type=\"column\" data-e-type=\"column\">\n\t\t\t<div class=\"elementor-widget-wrap elementor-element-populated\">\n\t\t\t\t\t\t<div class=\"elementor-element elementor-element-7b913c6 elementor-widget elementor-widget-breton_core_text_marquee\" data-id=\"7b913c6\" data-element_type=\"widget\" data-e-type=\"widget\" data-widget_type=\"breton_core_text_marquee.default\">\n\t\t\t\t<div class=\"elementor-widget-container\">\n\t\t\t\t\t<div class=\"qodef-shortcode qodef-m  qodef-text-marquee qodef-text-marquee-2 qodef-layout--default qodef--enabled-moving\">\n\t<div class=\"qodef-m-content\" style=\"font-size:385px;line-height:1em;-webkit-text-stroke: 1px currentColor;-webkit-text-fill-color: transparent\">\n\t\t<div class=\"qodef-m-text\">\n\t\t\t\t\t\t\t<span class=\"qodef-m-text-inner\" >\n\t\t\t\t\tTHEATHER \/ VISUAL ARTS\/ PHOTOGRAPHY\/FILM\t\t\t\t<\/span>\n\t\t\t\t\t<\/div>\n\t<\/div>\n<\/div>\t\t\t\t<\/div>\n\t\t\t\t<\/div>\n\t\t\t\t\t<\/div>\n\t\t<\/div>\n\t\t\t\t\t<\/div>\n\t\t<\/section>\n\t\t\t\t<section class=\"elementor-section elementor-top-section elementor-element elementor-element-925b066 elementor-section-boxed elementor-section-height-default elementor-section-height-default qodef-elementor-content-no\" data-id=\"925b066\" data-element_type=\"section\" data-e-type=\"section\">\n\t\t\t\t\t\t<div class=\"elementor-container elementor-column-gap-default\">\n\t\t\t\t\t<div class=\"elementor-column elementor-col-100 elementor-top-column elementor-element elementor-element-09e2f0b\" data-id=\"09e2f0b\" data-element_type=\"column\" data-e-type=\"column\">\n\t\t\t<div class=\"elementor-widget-wrap elementor-element-populated\">\n\t\t\t\t\t\t<div class=\"elementor-element elementor-element-6fdf4d0 elementor-widget elementor-widget-breton_core_section_title\" data-id=\"6fdf4d0\" data-element_type=\"widget\" data-e-type=\"widget\" data-widget_type=\"breton_core_section_title.default\">\n\t\t\t\t<div class=\"elementor-widget-container\">\n\t\t\t\t\t<div class=\"qodef-shortcode qodef-m  qodef-section-title qodef-alignment--left qodef--button-left qodef-title--with-border  qodef--has-appear\">\n    \t\t<h2 class=\"qodef-m-title\" >\n\t\t\t\t\tMeet the creatives whois works we cherish and support.\t\t\t<\/h2>\n\t\t    <p class=\"qodef-m-button\">\r\n        <a class=\"qodef-shortcode qodef-m  qodef-button qodef-layout--arrow  qodef-html--link \" href=\"#\" target=\"_self\"  >    <svg version=\"1.1\" xmlns=\"http:\/\/www.w3.org\/2000\/svg\" xmlns:xlink=\"http:\/\/www.w3.org\/1999\/xlink\" x=\"0px\" y=\"0px\" viewBox=\"0 0 67.59 46.46\" style=\"enable-background:new 0 0 67.59 46.46;\" xml:space=\"preserve\"><polygon class=\"btn_arrow\" points=\"0.5,19.41 50.58,19.41 31.67,0.5 44.26,0.5 66.89,23.13 44.06,45.96 31.83,45.96 50.39,27.4 0.5,27.4 \"\/><\/svg><\/a>    <\/p>\r\n<\/div>\t\t\t\t<\/div>\n\t\t\t\t<\/div>\n\t\t\t\t<div class=\"elementor-element elementor-element-877504c elementor-widget elementor-widget-breton_core_button\" data-id=\"877504c\" data-element_type=\"widget\" data-e-type=\"widget\" data-widget_type=\"breton_core_button.default\">\n\t\t\t\t<div class=\"elementor-widget-container\">\n\t\t\t\t\t<a class=\"qodef-shortcode qodef-m  qodef-button qodef-layout--textual  qodef-html--link qodef--round-hover\" href=\"https:\/\/korelacje.online\/?page_id=644\" target=\"_self\" data-hover-color=\"#C90000\" style=\"color: #000000\">\n\t<span class=\"qodef-m-text\">Artists<\/span>\n<\/a>\t\t\t\t<\/div>\n\t\t\t\t<\/div>\n\t\t\t\t\t<\/div>\n\t\t<\/div>\n\t\t\t\t\t<\/div>\n\t\t<\/section>\n\t\t\t\t<\/div>\n\t\t","protected":false},"excerpt":{"rendered":"<p>Welcome to our world Stowarzyszenie Artystyczne &#8222;KORELACJE&#8221; Zapraszamy dodo zapoznania si\u0119 z nasz\u0105 dzia\u0142alno\u015bci\u0105 our community creativehomeshare.online ABOUT US + About us Co chcemy osi\u0105gn\u0105\u0107 Aktywne popieranie idei symbiozy mi\u0119dzy sztuk\u0105 wizualn\u0105, teatraln\u0105, audiowizualn\u0105 oraz filmow\u0105.\u00a0 \u00a0 \u00a0 \u00a0 \u00a0 \u00a0 \u00a0 \u00a0 \u00a0 \u00a0 \u00a0 \u00a0 \u00a0 \u00a0 \u00a0 \u00a0 \u00a0 \u00a0 \u00a0 \u00a0 [&hellip;]<\/p>\n","protected":false},"author":1,"featured_media":0,"parent":0,"menu_order":0,"comment_status":"closed","ping_status":"closed","template":"page-full-width.php","meta":{"footnotes":""},"class_list":["post-801","page","type-page","status-publish","hentry"],"_links":{"self":[{"href":"https:\/\/korelacje.online\/index.php?rest_route=\/wp\/v2\/pages\/801","targetHints":{"allow":["GET"]}}],"collection":[{"href":"https:\/\/korelacje.online\/index.php?rest_route=\/wp\/v2\/pages"}],"about":[{"href":"https:\/\/korelacje.online\/index.php?rest_route=\/wp\/v2\/types\/page"}],"author":[{"embeddable":true,"href":"https:\/\/korelacje.online\/index.php?rest_route=\/wp\/v2\/users\/1"}],"replies":[{"embeddable":true,"href":"https:\/\/korelacje.online\/index.php?rest_route=%2Fwp%2Fv2%2Fcomments&post=801"}],"version-history":[{"count":267,"href":"https:\/\/korelacje.online\/index.php?rest_route=\/wp\/v2\/pages\/801\/revisions"}],"predecessor-version":[{"id":3602,"href":"https:\/\/korelacje.online\/index.php?rest_route=\/wp\/v2\/pages\/801\/revisions\/3602"}],"wp:attachment":[{"href":"https:\/\/korelacje.online\/index.php?rest_route=%2Fwp%2Fv2%2Fmedia&parent=801"}],"curies":[{"name":"wp","href":"https:\/\/api.w.org\/{rel}","templated":true}]}}