{"id":644,"date":"2020-06-09T18:58:33","date_gmt":"2020-06-09T18:58:33","guid":{"rendered":"https:\/\/breton.qodeinteractive.com\/?page_id=644"},"modified":"2024-11-20T19:43:43","modified_gmt":"2024-11-20T19:43:43","slug":"passepartout-slider","status":"publish","type":"page","link":"https:\/\/korelacje.online\/?page_id=644","title":{"rendered":"People"},"content":{"rendered":"\t\t<div data-elementor-type=\"wp-page\" data-elementor-id=\"644\" class=\"elementor elementor-644\">\n\t\t\t\t\t\t<section class=\"elementor-section elementor-top-section elementor-element elementor-element-2bb4c40 elementor-section-boxed elementor-section-height-default elementor-section-height-default qodef-elementor-content-no\" data-id=\"2bb4c40\" data-element_type=\"section\" data-e-type=\"section\">\n\t\t\t\t\t\t<div class=\"elementor-container elementor-column-gap-default\">\n\t\t\t\t\t<div class=\"elementor-column elementor-col-100 elementor-top-column elementor-element elementor-element-d1d40b6\" data-id=\"d1d40b6\" data-element_type=\"column\" data-e-type=\"column\">\n\t\t\t<div class=\"elementor-widget-wrap elementor-element-populated\">\n\t\t\t\t\t\t<div class=\"elementor-element elementor-element-83537c5 elementor-widget__width-initial elementor-widget elementor-widget-qi_addons_for_elementor_animated_text\" data-id=\"83537c5\" data-element_type=\"widget\" data-e-type=\"widget\" data-widget_type=\"qi_addons_for_elementor_animated_text.default\">\n\t\t\t\t<div class=\"elementor-widget-container\">\n\t\t\t\t\t<div class=\"qodef-shortcode qodef-m qodef-qi-animated-text qodef--animated-by-letter qodef--alignment-center qodef-qi--has-appear qodef--appear-fade\" data-appear-delay=\"1\">\n\t\t<h4 class=\"qodef-m-title\">\n\t\t<span class=\"qodef-e-word-holder\">Arty\u015bci,<\/span> <span class=\"qodef-e-word-holder\">kt\u00f3rych<\/span> <span class=\"qodef-e-word-holder\">prace<\/span> <span class=\"qodef-e-word-holder\">pami\u0119tamy<\/span> <span class=\"qodef-e-word-holder\">i<\/span> <span class=\"qodef-e-word-holder\">podziwiamy.<\/span> <span class=\"qodef-e-word-holder\"><\/span>\t<\/h4>\n<\/div>\n\t\t\t\t<\/div>\n\t\t\t\t<\/div>\n\t\t\t\t<div class=\"elementor-element elementor-element-a823fbd elementor-widget elementor-widget-qi_addons_for_elementor_image_gallery\" data-id=\"a823fbd\" data-element_type=\"widget\" data-e-type=\"widget\" data-widget_type=\"qi_addons_for_elementor_image_gallery.default\">\n\t\t\t\t<div class=\"elementor-widget-container\">\n\t\t\t\t\t<div class=\"qodef-shortcode qodef-m qodef-qi-image-gallery qodef-image--hover-move qodef-qi-grid qodef-layout--qi-columns qodef-col-num--3 qodef-responsive--predefined\">\n\t<div class=\"qodef-grid-inner\">\n\t\t<div class=\"qodef-e qodef-image-wrapper qodef-grid-item\">\n\t<div class=\"qodef-e-inner\">\n\t\t\t\t\t<a itemprop=\"url\" href=\"https:\/\/culture.pl\/pl\/tworca\/helmut-kajzar\" target=\"_blank\">\n\t\t\t\t\t<img fetchpriority=\"high\" decoding=\"async\" width=\"370\" height=\"481\" src=\"https:\/\/korelacje.online\/wp-content\/uploads\/2024\/10\/1_cr.jpg\" class=\"attachment-full size-full\" alt=\"\" srcset=\"https:\/\/korelacje.online\/wp-content\/uploads\/2024\/10\/1_cr.jpg 370w, https:\/\/korelacje.online\/wp-content\/uploads\/2024\/10\/1_cr-231x300.jpg 231w\" sizes=\"(max-width: 370px) 100vw, 370px\" \/>\t\t\t\t\t<\/a>\n\t\t\t<\/div>\n<\/div>\n<div class=\"qodef-e qodef-image-wrapper qodef-grid-item\">\n\t<div class=\"qodef-e-inner\">\n\t\t\t\t\t<a itemprop=\"url\" href=\"https:\/\/culture.pl\/pl\/tworca\/jolanta-lothe\" target=\"_blank\">\n\t\t\t\t\t<img decoding=\"async\" width=\"378\" height=\"498\" src=\"https:\/\/korelacje.online\/wp-content\/uploads\/2024\/10\/2_cr.jpg\" class=\"attachment-full size-full\" alt=\"\" srcset=\"https:\/\/korelacje.online\/wp-content\/uploads\/2024\/10\/2_cr.jpg 378w, https:\/\/korelacje.online\/wp-content\/uploads\/2024\/10\/2_cr-228x300.jpg 228w\" sizes=\"(max-width: 378px) 100vw, 378px\" \/>\t\t\t\t\t<\/a>\n\t\t\t<\/div>\n<\/div>\n<div class=\"qodef-e qodef-image-wrapper qodef-grid-item\">\n\t<div class=\"qodef-e-inner\">\n\t\t\t\t\t<a itemprop=\"url\" href=\"https:\/\/krzysztofzarebski.pl\" target=\"_blank\">\n\t\t\t\t\t<img decoding=\"async\" width=\"378\" height=\"498\" src=\"https:\/\/korelacje.online\/wp-content\/uploads\/2024\/10\/4_cr.jpg\" class=\"attachment-full size-full\" alt=\"\" srcset=\"https:\/\/korelacje.online\/wp-content\/uploads\/2024\/10\/4_cr.jpg 378w, https:\/\/korelacje.online\/wp-content\/uploads\/2024\/10\/4_cr-228x300.jpg 228w\" sizes=\"(max-width: 378px) 100vw, 378px\" \/>\t\t\t\t\t<\/a>\n\t\t\t<\/div>\n<\/div>\n<div class=\"qodef-e qodef-image-wrapper qodef-grid-item\">\n\t<div class=\"qodef-e-inner\">\n\t\t\t\t\t<a itemprop=\"url\" href=\"https:\/\/culture.pl\/pl\/tworca\/daniel-mroz\" target=\"_blank\">\n\t\t\t\t\t<img loading=\"lazy\" decoding=\"async\" width=\"378\" height=\"498\" src=\"https:\/\/korelacje.online\/wp-content\/uploads\/2024\/10\/5_cr.jpg\" class=\"attachment-full size-full\" alt=\"\" srcset=\"https:\/\/korelacje.online\/wp-content\/uploads\/2024\/10\/5_cr.jpg 378w, https:\/\/korelacje.online\/wp-content\/uploads\/2024\/10\/5_cr-228x300.jpg 228w\" sizes=\"(max-width: 378px) 100vw, 378px\" \/>\t\t\t\t\t<\/a>\n\t\t\t<\/div>\n<\/div>\n<div class=\"qodef-e qodef-image-wrapper qodef-grid-item\">\n\t<div class=\"qodef-e-inner\">\n\t\t\t\t\t<a itemprop=\"url\" href=\"https:\/\/culture.pl\/pl\/tworca\/antoni-falat\" target=\"_blank\">\n\t\t\t\t\t<img loading=\"lazy\" decoding=\"async\" width=\"378\" height=\"498\" src=\"https:\/\/korelacje.online\/wp-content\/uploads\/2024\/10\/9_cr.jpg\" class=\"attachment-full size-full\" alt=\"\" srcset=\"https:\/\/korelacje.online\/wp-content\/uploads\/2024\/10\/9_cr.jpg 378w, https:\/\/korelacje.online\/wp-content\/uploads\/2024\/10\/9_cr-228x300.jpg 228w\" sizes=\"(max-width: 378px) 100vw, 378px\" \/>\t\t\t\t\t<\/a>\n\t\t\t<\/div>\n<\/div>\n<div class=\"qodef-e qodef-image-wrapper qodef-grid-item\">\n\t<div class=\"qodef-e-inner\">\n\t\t\t\t\t<a itemprop=\"url\" href=\"https:\/\/culture.pl\/pl\/tworca\/jan-dobkowski-pseudonim-dobson\" target=\"_blank\">\n\t\t\t\t\t<img loading=\"lazy\" decoding=\"async\" width=\"378\" height=\"498\" src=\"https:\/\/korelacje.online\/wp-content\/uploads\/2024\/10\/8_cr.jpg\" class=\"attachment-full size-full\" alt=\"\" srcset=\"https:\/\/korelacje.online\/wp-content\/uploads\/2024\/10\/8_cr.jpg 378w, https:\/\/korelacje.online\/wp-content\/uploads\/2024\/10\/8_cr-228x300.jpg 228w\" sizes=\"(max-width: 378px) 100vw, 378px\" \/>\t\t\t\t\t<\/a>\n\t\t\t<\/div>\n<\/div>\n<div class=\"qodef-e qodef-image-wrapper qodef-grid-item\">\n\t<div class=\"qodef-e-inner\">\n\t\t\t\t\t<a itemprop=\"url\" href=\"https:\/\/culture.pl\/pl\/tworca\/edward-dwurnik\" target=\"_blank\">\n\t\t\t\t\t<img loading=\"lazy\" decoding=\"async\" width=\"378\" height=\"498\" src=\"https:\/\/korelacje.online\/wp-content\/uploads\/2024\/10\/12_cr.jpg\" class=\"attachment-full size-full\" alt=\"\" srcset=\"https:\/\/korelacje.online\/wp-content\/uploads\/2024\/10\/12_cr.jpg 378w, https:\/\/korelacje.online\/wp-content\/uploads\/2024\/10\/12_cr-228x300.jpg 228w\" sizes=\"(max-width: 378px) 100vw, 378px\" \/>\t\t\t\t\t<\/a>\n\t\t\t<\/div>\n<\/div>\n<div class=\"qodef-e qodef-image-wrapper qodef-grid-item\">\n\t<div class=\"qodef-e-inner\">\n\t\t\t\t\t<a itemprop=\"url\" href=\"https:\/\/culture.pl\/pl\/tworca\/franciszek-starowieyski\" target=\"_blank\">\n\t\t\t\t\t<img loading=\"lazy\" decoding=\"async\" width=\"378\" height=\"498\" src=\"https:\/\/korelacje.online\/wp-content\/uploads\/2024\/10\/11_cr.jpg\" class=\"attachment-full size-full\" alt=\"\" srcset=\"https:\/\/korelacje.online\/wp-content\/uploads\/2024\/10\/11_cr.jpg 378w, https:\/\/korelacje.online\/wp-content\/uploads\/2024\/10\/11_cr-228x300.jpg 228w\" sizes=\"(max-width: 378px) 100vw, 378px\" \/>\t\t\t\t\t<\/a>\n\t\t\t<\/div>\n<\/div>\n<div class=\"qodef-e qodef-image-wrapper qodef-grid-item\">\n\t<div class=\"qodef-e-inner\">\n\t\t\t\t\t<a itemprop=\"url\" href=\"https:\/\/culture.pl\/pl\/tworca\/jerzy-nowosielski\" target=\"_blank\">\n\t\t\t\t\t<img loading=\"lazy\" decoding=\"async\" width=\"378\" height=\"498\" src=\"https:\/\/korelacje.online\/wp-content\/uploads\/2024\/10\/10_cr.jpg\" class=\"attachment-full size-full\" alt=\"\" srcset=\"https:\/\/korelacje.online\/wp-content\/uploads\/2024\/10\/10_cr.jpg 378w, https:\/\/korelacje.online\/wp-content\/uploads\/2024\/10\/10_cr-228x300.jpg 228w\" sizes=\"(max-width: 378px) 100vw, 378px\" \/>\t\t\t\t\t<\/a>\n\t\t\t<\/div>\n<\/div>\n<div class=\"qodef-e qodef-image-wrapper qodef-grid-item\">\n\t<div class=\"qodef-e-inner\">\n\t\t\t\t\t<a itemprop=\"url\" href=\"https:\/\/kitbakerii.blogspot.com\/2013\/07\/henryk-baranowski-9-february-1943-27.html\" target=\"_blank\">\n\t\t\t\t\t<img loading=\"lazy\" decoding=\"async\" width=\"378\" height=\"465\" src=\"https:\/\/korelacje.online\/wp-content\/uploads\/2024\/10\/13_cr.jpg\" class=\"attachment-full size-full\" alt=\"\" srcset=\"https:\/\/korelacje.online\/wp-content\/uploads\/2024\/10\/13_cr.jpg 378w, https:\/\/korelacje.online\/wp-content\/uploads\/2024\/10\/13_cr-244x300.jpg 244w\" sizes=\"(max-width: 378px) 100vw, 378px\" \/>\t\t\t\t\t<\/a>\n\t\t\t<\/div>\n<\/div>\n<div class=\"qodef-e qodef-image-wrapper qodef-grid-item\">\n\t<div class=\"qodef-e-inner\">\n\t\t\t\t\t<a itemprop=\"url\" href=\"https:\/\/culture.pl\/pl\/tworca\/tadeusz-rozewicz\" target=\"_blank\">\n\t\t\t\t\t<img loading=\"lazy\" decoding=\"async\" width=\"378\" height=\"498\" src=\"https:\/\/korelacje.online\/wp-content\/uploads\/2024\/10\/3_cr.jpg\" class=\"attachment-full size-full\" alt=\"\" srcset=\"https:\/\/korelacje.online\/wp-content\/uploads\/2024\/10\/3_cr.jpg 378w, https:\/\/korelacje.online\/wp-content\/uploads\/2024\/10\/3_cr-228x300.jpg 228w\" sizes=\"(max-width: 378px) 100vw, 378px\" \/>\t\t\t\t\t<\/a>\n\t\t\t<\/div>\n<\/div>\n<div class=\"qodef-e qodef-image-wrapper qodef-grid-item\">\n\t<div class=\"qodef-e-inner\">\n\t\t\t\t\t<a itemprop=\"url\" href=\"https:\/\/culture.pl\/pl\/tworca\/ryszard-winiarski\" target=\"_blank\">\n\t\t\t\t\t<img loading=\"lazy\" decoding=\"async\" width=\"378\" height=\"498\" src=\"https:\/\/korelacje.online\/wp-content\/uploads\/2024\/10\/7_cr.jpg\" class=\"attachment-full size-full\" alt=\"\" srcset=\"https:\/\/korelacje.online\/wp-content\/uploads\/2024\/10\/7_cr.jpg 378w, https:\/\/korelacje.online\/wp-content\/uploads\/2024\/10\/7_cr-228x300.jpg 228w\" sizes=\"(max-width: 378px) 100vw, 378px\" \/>\t\t\t\t\t<\/a>\n\t\t\t<\/div>\n<\/div>\n<div class=\"qodef-e qodef-image-wrapper qodef-grid-item\">\n\t<div class=\"qodef-e-inner\">\n\t\t\t\t\t<a itemprop=\"url\" href=\"https:\/\/culture.pl\/pl\/tworca\/jan-sawka\" target=\"_blank\">\n\t\t\t\t\t<img loading=\"lazy\" decoding=\"async\" width=\"378\" height=\"498\" src=\"https:\/\/korelacje.online\/wp-content\/uploads\/2024\/10\/6_cr.jpg\" class=\"attachment-full size-full\" alt=\"\" srcset=\"https:\/\/korelacje.online\/wp-content\/uploads\/2024\/10\/6_cr.jpg 378w, https:\/\/korelacje.online\/wp-content\/uploads\/2024\/10\/6_cr-228x300.jpg 228w\" sizes=\"(max-width: 378px) 100vw, 378px\" \/>\t\t\t\t\t<\/a>\n\t\t\t<\/div>\n<\/div>\n<div class=\"qodef-e qodef-image-wrapper qodef-grid-item\">\n\t<div class=\"qodef-e-inner\">\n\t\t\t\t\t<a itemprop=\"url\" href=\"https:\/\/culture.pl\/pl\/tworca\/henryk-stazewski\" target=\"_blank\">\n\t\t\t\t\t<img loading=\"lazy\" decoding=\"async\" width=\"607\" height=\"816\" src=\"https:\/\/korelacje.online\/wp-content\/uploads\/2024\/10\/starz.png\" class=\"attachment-full size-full\" alt=\"\" srcset=\"https:\/\/korelacje.online\/wp-content\/uploads\/2024\/10\/starz.png 607w, https:\/\/korelacje.online\/wp-content\/uploads\/2024\/10\/starz-223x300.png 223w\" sizes=\"(max-width: 607px) 100vw, 607px\" \/>\t\t\t\t\t<\/a>\n\t\t\t<\/div>\n<\/div>\n<div class=\"qodef-e qodef-image-wrapper qodef-grid-item\">\n\t<div class=\"qodef-e-inner\">\n\t\t\t\t\t<a itemprop=\"url\" href=\"https:\/\/www.adammyjak.com\/\" target=\"_blank\">\n\t\t\t\t\t<img loading=\"lazy\" decoding=\"async\" width=\"603\" height=\"816\" src=\"https:\/\/korelacje.online\/wp-content\/uploads\/2024\/10\/myj.png\" class=\"attachment-full size-full\" alt=\"\" srcset=\"https:\/\/korelacje.online\/wp-content\/uploads\/2024\/10\/myj.png 603w, https:\/\/korelacje.online\/wp-content\/uploads\/2024\/10\/myj-222x300.png 222w\" sizes=\"(max-width: 603px) 100vw, 603px\" \/>\t\t\t\t\t<\/a>\n\t\t\t<\/div>\n<\/div>\n\t<\/div>\n<\/div>\n\t\t\t\t<\/div>\n\t\t\t\t<\/div>\n\t\t\t\t\t<\/div>\n\t\t<\/div>\n\t\t\t\t\t<\/div>\n\t\t<\/section>\n\t\t\t\t<\/div>\n\t\t","protected":false},"excerpt":{"rendered":"<p>Arty\u015bci, kt\u00f3rych prace pami\u0119tamy i podziwiamy.<\/p>\n","protected":false},"author":1,"featured_media":0,"parent":0,"menu_order":0,"comment_status":"closed","ping_status":"closed","template":"page-full-width.php","meta":{"footnotes":""},"class_list":["post-644","page","type-page","status-publish","hentry"],"_links":{"self":[{"href":"https:\/\/korelacje.online\/index.php?rest_route=\/wp\/v2\/pages\/644","targetHints":{"allow":["GET"]}}],"collection":[{"href":"https:\/\/korelacje.online\/index.php?rest_route=\/wp\/v2\/pages"}],"about":[{"href":"https:\/\/korelacje.online\/index.php?rest_route=\/wp\/v2\/types\/page"}],"author":[{"embeddable":true,"href":"https:\/\/korelacje.online\/index.php?rest_route=\/wp\/v2\/users\/1"}],"replies":[{"embeddable":true,"href":"https:\/\/korelacje.online\/index.php?rest_route=%2Fwp%2Fv2%2Fcomments&post=644"}],"version-history":[{"count":118,"href":"https:\/\/korelacje.online\/index.php?rest_route=\/wp\/v2\/pages\/644\/revisions"}],"predecessor-version":[{"id":3573,"href":"https:\/\/korelacje.online\/index.php?rest_route=\/wp\/v2\/pages\/644\/revisions\/3573"}],"wp:attachment":[{"href":"https:\/\/korelacje.online\/index.php?rest_route=%2Fwp%2Fv2%2Fmedia&parent=644"}],"curies":[{"name":"wp","href":"https:\/\/api.w.org\/{rel}","templated":true}]}}